{"id":5682,"date":"2025-10-28T11:08:35","date_gmt":"2025-10-28T11:08:35","guid":{"rendered":"https:\/\/bleconomistes.cat\/servicios\/assessorament-fiscal\/"},"modified":"2025-11-19T13:15:06","modified_gmt":"2025-11-19T13:15:06","slug":"asesoramiento-fiscal","status":"publish","type":"page","link":"https:\/\/bleconomistes.cat\/es\/servicios\/asesoramiento-fiscal\/","title":{"rendered":"Asesor\u00eda fiscal"},"content":{"rendered":"<div class=\"wpb-content-wrapper\">[vc_section full_width=\u00bbstretch_row\u00bb video_bg_zoom=\u00bbfalse\u00bb video_bg_center=\u00bbtrue\u00bb video_bg=\u00bbself_hosted\u00bb wpex_bg_overlay=\u00bbcolor\u00bb wpex_bg_overlay_color=\u00bbpalette-4633&#8243; video_bg_mp4=\u00bbhttps:\/\/bleconomistes.cat\/wp-content\/uploads\/2025\/11\/IMG_3437.mov\u00bb css=\u00bb.vc_custom_1763035122168{padding-top: 150px !important;padding-bottom: 150px !important;}\u00bb wpex_bg_overlay_opacity=\u00bb0.7&#8243;][vc_row remove_bottom_col_margin=\u00bbtrue\u00bb][vc_column]<style>.vcex-heading.vcex_6a09cb28402f4{color:var(--wpex-palette-4632-color);font-size:36px;}<\/style><h1 class=\"vcex-heading vcex-heading-plain vcex-module wpex-heading wpex-text-2xl wpex-text-center vcex_6a09cb28402f4\"><span class=\"vcex-heading-inner wpex-inline-block\">Asesor\u00eda fiscal<\/span><\/h1>[\/vc_column][\/vc_row][\/vc_section][vc_section css_animation=\u00bbfadeInLeft\u00bb full_width=\u00bbstretch_row_content\u00bb css=\u00bb.vc_custom_1761647603552{padding-top: 80px !important;padding-bottom: 80px !important;}\u00bb][vc_row column_spacing=\u00bb0px\u00bb equal_height=\u00bbyes\u00bb remove_bottom_col_margin=\u00bbtrue\u00bb tablet_fullwidth_cols=\u00bbyes\u00bb max_width_custom=\u00bb1600px\u00bb][vc_column width=\u00bb1\/2&#8243; el_class=\u00bbcaixa-text-about-pagina\u00bb]<style>.vcex-heading.vcex_6a09cb284167e{color:var(--wpex-palette-4632-color);font-size:32px;font-family:Chivo, sans-serif;font-weight:500;text-transform:uppercase;}<\/style><h2 class=\"vcex-heading vcex-heading-plain vcex-module wpex-heading wpex-text-2xl wpex-text-left vcex_6a09cb284167e\"><span class=\"vcex-heading-inner wpex-inline-block\">Asesor\u00eda fiscal en Matar\u00f3<\/span><\/h2><div class=\"vcex-module vcex-divider vcex-divider-solid vcex-divider-left wpex-mr-auto wpex-max-w-100 wpex-block wpex-h-0 wpex-border-b wpex-border-solid wpex-border-main\" style=\"width:60px;margin-block-start:15px;margin-block-end:20px;border-bottom-width:1px;border-color:var(--wpex-palette-4632-color);\"><\/div>[vc_column_text css=\u00bb\u00bb text_align=\u00bbleft\u00bb font_size=\u00bb17px\u00bb color=\u00bbpalette-4632&#8243; el_class=\u00bbjustificar\u00bb]\n<p data-start=\"224\" data-end=\"383\">En <strong data-start=\"226\" data-end=\"244\">BL Economistas<\/strong> ofrecemos un <strong data-start=\"255\" data-end=\"300\">asesoramiento fiscal integral y continuado<\/strong> durante todo el ejercicio, adaptado a las necesidades de cada empresa o profesional.<\/p>\n<p data-start=\"385\" data-end=\"577\">Nos encargamos de la <strong data-start=\"407\" data-end=\"483\">planificaci\u00f3n y presentaci\u00f3n de los principales modelos tributarios trimestrales<\/strong> (modelo 300, 202, 115, 130, 111 y 123), as\u00ed como del <strong data-start=\"536\" data-end=\"574\">cierre fiscal y contable anual<\/strong>.<\/p>\n<p data-start=\"579\" data-end=\"831\">Gestionamos la <strong data-start=\"592\" data-end=\"663\">confecci\u00f3n y presentaci\u00f3n de los libros oficiales y de las Cuentas Anuales<\/strong> al Registro Mercantil, as\u00ed como la tramitaci\u00f3n de los <strong data-start=\"715\" data-end=\"756\">res\u00famenes anuales obligatorios con Hacienda<\/strong> (modelos 390, 180, 184, 347 y 200, correspondiendo al Impuesto sobre sociedades).<\/p>\n<p data-start=\"833\" data-end=\"992\">Nuestro objetivo es que puedas <strong data-start=\"866\" data-end=\"942\">cumplir con todas las obligaciones fiscales con seguridad y tranquilidad<\/strong>, optimizando la gesti\u00f3n tributaria de tu negocio.<\/p>\n[\/vc_column_text][vc_empty_space height=\u00bb30px\u00bb]<style>.vcex-button.vcex_6a09cb2844b48{border-radius:var(--wpex-rounded-full);color:var(--wpex-palette-4632-color)!important;border:1px solid #ffffff;font-size:14px;font-family:Chivo, sans-serif;}.vcex-button.vcex_6a09cb2844b48:hover{background:var(--wpex-palette-4632-color)!important;color:var(--wpex-palette-4633-color)!important;}<\/style><a href=\"\/es\/contacto\/\" class=\"vcex-button theme-button minimal-border align-left inline vcex_6a09cb2844b48\" title=\"Contacto\"><span class=\"vcex-button-inner theme-button-inner wpex-flex wpex-flex-wrap wpex-items-center wpex-justify-center\"><span class=\"vcex-button-icon vcex-icon-wrap theme-button-icon-left\"><span class=\"wpex-icon\" aria-hidden=\"true\"><svg xmlns=\"http:\/\/www.w3.org\/2000\/svg\" viewBox=\"0 0 640 512\"><path d=\"M88.2 309.1c9.8-18.3 6.8-40.8-7.5-55.8C59.4 230.9 48 204 48 176c0-63.5 63.8-128 160-128s160 64.5 160 128s-63.8 128-160 128c-13.1 0-25.8-1.3-37.8-3.6c-10.4-2-21.2-.6-30.7 4.2c-4.1 2.1-8.3 4.1-12.6 6c-16 7.2-32.9 13.5-49.9 18c2.8-4.6 5.4-9.1 7.9-13.6c1.1-1.9 2.2-3.9 3.2-5.9zM0 176c0 41.8 17.2 80.1 45.9 110.3c-.9 1.7-1.9 3.5-2.8 5.1c-10.3 18.4-22.3 36.5-36.6 52.1c-6.6 7-8.3 17.2-4.6 25.9C5.8 378.3 14.4 384 24 384c43 0 86.5-13.3 122.7-29.7c4.8-2.2 9.6-4.5 14.2-6.8c15.1 3 30.9 4.5 47.1 4.5c114.9 0 208-78.8 208-176S322.9 0 208 0S0 78.8 0 176zM432 480c16.2 0 31.9-1.6 47.1-4.5c4.6 2.3 9.4 4.6 14.2 6.8C529.5 498.7 573 512 616 512c9.6 0 18.2-5.7 22-14.5c3.8-8.8 2-19-4.6-25.9c-14.2-15.6-26.2-33.7-36.6-52.1c-.9-1.7-1.9-3.4-2.8-5.1C622.8 384.1 640 345.8 640 304c0-94.4-87.9-171.5-198.2-175.8c4.1 15.2 6.2 31.2 6.2 47.8l0 .6c87.2 6.7 144 67.5 144 127.4c0 28-11.4 54.9-32.7 77.2c-14.3 15-17.3 37.6-7.5 55.8c1.1 2 2.2 4 3.2 5.9c2.5 4.5 5.2 9 7.9 13.6c-17-4.5-33.9-10.7-49.9-18c-4.3-1.9-8.5-3.9-12.6-6c-9.5-4.8-20.3-6.2-30.7-4.2c-12.1 2.4-24.7 3.6-37.8 3.6c-61.7 0-110-26.5-136.8-62.3c-16 5.4-32.8 9.4-50 11.8C279 439.8 350 480 432 480z\"\/><\/svg><\/span><\/span>\u00bfEmpezamos a trabajar juntos?<\/span><\/a> [\/vc_column][vc_column parallax=\u00bbcontent-moving\u00bb parallax_image=\u00bb5404&#8243; width=\u00bb1\/2&#8243; min_height=\u00bb500px\u00bb css=\u00bb.vc_custom_1763558103410{background-position: center !important;background-repeat: no-repeat !important;background-size: cover !important;}\u00bb el_class=\u00bbcaixa-imatge-about-pagina\u00bb][\/vc_column][\/vc_row][\/vc_section]\n<\/div>","protected":false},"excerpt":{"rendered":"<p>[vc_section full_width=\u00bbstretch_row\u00bb video_bg_zoom=\u00bbfalse\u00bb video_bg_center=\u00bbtrue\u00bb video_bg=\u00bbself_hosted\u00bb wpex_bg_overlay=\u00bbcolor\u00bb wpex_bg_overlay_color=\u00bbpalette-4633&#8243; video_bg_mp4=\u00bbhttps:\/\/bleconomistes.cat\/wp-content\/uploads\/2025\/11\/IMG_3437.mov\u00bb css=\u00bb.vc_custom_1763035122168{padding-top: 150px !important;padding-bottom: 150px !important;}\u00bb wpex_bg_overlay_opacity=\u00bb0.7&#8243;][vc_row remove_bottom_col_margin=\u00bbtrue\u00bb][vc_column][\/vc_column][\/vc_row][\/vc_section][vc_section css_animation=\u00bbfadeInLeft\u00bb full_width=\u00bbstretch_row_content\u00bb css=\u00bb.vc_custom_1761647603552{padding-top: 80px !important;padding-bottom: 80px !important;}\u00bb][vc_row column_spacing=\u00bb0px\u00bb equal_height=\u00bbyes\u00bb remove_bottom_col_margin=\u00bbtrue\u00bb tablet_fullwidth_cols=\u00bbyes\u00bb max_width_custom=\u00bb1600px\u00bb][vc_column width=\u00bb1\/2&#8243; el_class=\u00bbcaixa-text-about-pagina\u00bb][vc_column_text css=\u00bb\u00bb text_align=\u00bbleft\u00bb font_size=\u00bb17px\u00bb color=\u00bbpalette-4632&#8243; el_class=\u00bbjustificar\u00bb] En BL Economistas ofrecemos un asesoramiento fiscal integral y continuado durante todo el ejercicio, adaptado a las necesidades de cada empresa&hellip;<\/p>\n","protected":false},"author":1,"featured_media":5794,"parent":5666,"menu_order":0,"comment_status":"closed","ping_status":"closed","template":"","meta":{"footnotes":""},"class_list":["post-5682","page","type-page","status-publish","has-post-thumbnail","hentry","entry","has-media"],"yoast_head":"<!-- This site is optimized with the Yoast SEO plugin v26.4 - https:\/\/yoast.com\/wordpress\/plugins\/seo\/ -->\n<title>Asesor\u00eda fiscal - Economistes Matar\u00f3 - BL Economistes<\/title>\n<meta name=\"description\" content=\"Somos tu asesor\u00eda fiscal en Matar\u00f3. Ofrecemos asesoramiento fiscal integral durante todo el ejercicio, adaptado a tus necesidades.\" \/>\n<meta name=\"robots\" content=\"index, follow, max-snippet:-1, max-image-preview:large, max-video-preview:-1\" \/>\n<link rel=\"canonical\" href=\"https:\/\/bleconomistes.cat\/es\/servicios\/asesoramiento-fiscal\/\" \/>\n<meta property=\"og:locale\" content=\"es_ES\" \/>\n<meta property=\"og:type\" content=\"article\" \/>\n<meta property=\"og:title\" content=\"Asesor\u00eda fiscal - Economistes Matar\u00f3 - BL Economistes\" \/>\n<meta property=\"og:description\" content=\"Somos tu asesor\u00eda fiscal en Matar\u00f3. Ofrecemos asesoramiento fiscal integral durante todo el ejercicio, adaptado a tus necesidades.\" \/>\n<meta property=\"og:url\" content=\"https:\/\/bleconomistes.cat\/es\/servicios\/asesoramiento-fiscal\/\" \/>\n<meta property=\"og:site_name\" content=\"Economistes Matar\u00f3 - BL Economistes\" \/>\n<meta property=\"article:modified_time\" content=\"2025-11-19T13:15:06+00:00\" \/>\n<meta property=\"og:image\" content=\"https:\/\/bleconomistes.cat\/wp-content\/uploads\/2025\/11\/Asesoria-fiscal-en-Mataro-BL-Economisteas.jpg\" \/>\n\t<meta property=\"og:image:width\" content=\"500\" \/>\n\t<meta property=\"og:image:height\" content=\"500\" \/>\n\t<meta property=\"og:image:type\" content=\"image\/jpeg\" \/>\n<meta name=\"twitter:card\" content=\"summary_large_image\" \/>\n<meta name=\"twitter:label1\" content=\"Tiempo de lectura\" \/>\n\t<meta name=\"twitter:data1\" content=\"2 minutos\" \/>\n<script type=\"application\/ld+json\" class=\"yoast-schema-graph\">{\"@context\":\"https:\/\/schema.org\",\"@graph\":[{\"@type\":\"WebPage\",\"@id\":\"https:\/\/bleconomistes.cat\/es\/servicios\/asesoramiento-fiscal\/\",\"url\":\"https:\/\/bleconomistes.cat\/es\/servicios\/asesoramiento-fiscal\/\",\"name\":\"Asesor\u00eda fiscal - Economistes Matar\u00f3 - BL Economistes\",\"isPartOf\":{\"@id\":\"https:\/\/bleconomistes.cat\/#website\"},\"primaryImageOfPage\":{\"@id\":\"https:\/\/bleconomistes.cat\/es\/servicios\/asesoramiento-fiscal\/#primaryimage\"},\"image\":{\"@id\":\"https:\/\/bleconomistes.cat\/es\/servicios\/asesoramiento-fiscal\/#primaryimage\"},\"thumbnailUrl\":\"https:\/\/bleconomistes.cat\/wp-content\/uploads\/2025\/11\/Asesoria-fiscal-en-Mataro-BL-Economisteas.jpg\",\"datePublished\":\"2025-10-28T11:08:35+00:00\",\"dateModified\":\"2025-11-19T13:15:06+00:00\",\"description\":\"Somos tu asesor\u00eda fiscal en Matar\u00f3. Ofrecemos asesoramiento fiscal integral durante todo el ejercicio, adaptado a tus necesidades.\",\"breadcrumb\":{\"@id\":\"https:\/\/bleconomistes.cat\/es\/servicios\/asesoramiento-fiscal\/#breadcrumb\"},\"inLanguage\":\"es\",\"potentialAction\":[{\"@type\":\"ReadAction\",\"target\":[\"https:\/\/bleconomistes.cat\/es\/servicios\/asesoramiento-fiscal\/\"]}]},{\"@type\":\"ImageObject\",\"inLanguage\":\"es\",\"@id\":\"https:\/\/bleconomistes.cat\/es\/servicios\/asesoramiento-fiscal\/#primaryimage\",\"url\":\"https:\/\/bleconomistes.cat\/wp-content\/uploads\/2025\/11\/Asesoria-fiscal-en-Mataro-BL-Economisteas.jpg\",\"contentUrl\":\"https:\/\/bleconomistes.cat\/wp-content\/uploads\/2025\/11\/Asesoria-fiscal-en-Mataro-BL-Economisteas.jpg\",\"width\":500,\"height\":500,\"caption\":\"Asesor\u00eda fiscal\"},{\"@type\":\"BreadcrumbList\",\"@id\":\"https:\/\/bleconomistes.cat\/es\/servicios\/asesoramiento-fiscal\/#breadcrumb\",\"itemListElement\":[{\"@type\":\"ListItem\",\"position\":1,\"name\":\"Home\",\"item\":\"https:\/\/bleconomistes.cat\/es\/\"},{\"@type\":\"ListItem\",\"position\":2,\"name\":\"Servicios\",\"item\":\"https:\/\/bleconomistes.cat\/es\/servicios\/\"},{\"@type\":\"ListItem\",\"position\":3,\"name\":\"Asesor\u00eda fiscal\"}]},{\"@type\":\"WebSite\",\"@id\":\"https:\/\/bleconomistes.cat\/#website\",\"url\":\"https:\/\/bleconomistes.cat\/\",\"name\":\"Economistes Matar\u00f3 - BL Economistes\",\"description\":\"T&#039;acompanyem en els teus tr\u00e0mits fiscals i comptables\",\"publisher\":{\"@id\":\"https:\/\/bleconomistes.cat\/#organization\"},\"potentialAction\":[{\"@type\":\"SearchAction\",\"target\":{\"@type\":\"EntryPoint\",\"urlTemplate\":\"https:\/\/bleconomistes.cat\/?s={search_term_string}\"},\"query-input\":{\"@type\":\"PropertyValueSpecification\",\"valueRequired\":true,\"valueName\":\"search_term_string\"}}],\"inLanguage\":\"es\"},{\"@type\":\"Organization\",\"@id\":\"https:\/\/bleconomistes.cat\/#organization\",\"name\":\"Economistes Matar\u00f3 - BL Economistes\",\"url\":\"https:\/\/bleconomistes.cat\/\",\"logo\":{\"@type\":\"ImageObject\",\"inLanguage\":\"es\",\"@id\":\"https:\/\/bleconomistes.cat\/#\/schema\/logo\/image\/\",\"url\":\"https:\/\/bleconomistes.cat\/wp-content\/uploads\/2025\/11\/logo.png\",\"contentUrl\":\"https:\/\/bleconomistes.cat\/wp-content\/uploads\/2025\/11\/logo.png\",\"width\":830,\"height\":284,\"caption\":\"Economistes Matar\u00f3 - BL Economistes\"},\"image\":{\"@id\":\"https:\/\/bleconomistes.cat\/#\/schema\/logo\/image\/\"}}]}<\/script>\n<!-- \/ Yoast SEO plugin. -->","yoast_head_json":{"title":"Asesor\u00eda fiscal - Economistes Matar\u00f3 - BL Economistes","description":"Somos tu asesor\u00eda fiscal en Matar\u00f3. Ofrecemos asesoramiento fiscal integral durante todo el ejercicio, adaptado a tus necesidades.","robots":{"index":"index","follow":"follow","max-snippet":"max-snippet:-1","max-image-preview":"max-image-preview:large","max-video-preview":"max-video-preview:-1"},"canonical":"https:\/\/bleconomistes.cat\/es\/servicios\/asesoramiento-fiscal\/","og_locale":"es_ES","og_type":"article","og_title":"Asesor\u00eda fiscal - Economistes Matar\u00f3 - BL Economistes","og_description":"Somos tu asesor\u00eda fiscal en Matar\u00f3. Ofrecemos asesoramiento fiscal integral durante todo el ejercicio, adaptado a tus necesidades.","og_url":"https:\/\/bleconomistes.cat\/es\/servicios\/asesoramiento-fiscal\/","og_site_name":"Economistes Matar\u00f3 - BL Economistes","article_modified_time":"2025-11-19T13:15:06+00:00","og_image":[{"width":500,"height":500,"url":"https:\/\/bleconomistes.cat\/wp-content\/uploads\/2025\/11\/Asesoria-fiscal-en-Mataro-BL-Economisteas.jpg","type":"image\/jpeg"}],"twitter_card":"summary_large_image","twitter_misc":{"Tiempo de lectura":"2 minutos"},"schema":{"@context":"https:\/\/schema.org","@graph":[{"@type":"WebPage","@id":"https:\/\/bleconomistes.cat\/es\/servicios\/asesoramiento-fiscal\/","url":"https:\/\/bleconomistes.cat\/es\/servicios\/asesoramiento-fiscal\/","name":"Asesor\u00eda fiscal - Economistes Matar\u00f3 - BL Economistes","isPartOf":{"@id":"https:\/\/bleconomistes.cat\/#website"},"primaryImageOfPage":{"@id":"https:\/\/bleconomistes.cat\/es\/servicios\/asesoramiento-fiscal\/#primaryimage"},"image":{"@id":"https:\/\/bleconomistes.cat\/es\/servicios\/asesoramiento-fiscal\/#primaryimage"},"thumbnailUrl":"https:\/\/bleconomistes.cat\/wp-content\/uploads\/2025\/11\/Asesoria-fiscal-en-Mataro-BL-Economisteas.jpg","datePublished":"2025-10-28T11:08:35+00:00","dateModified":"2025-11-19T13:15:06+00:00","description":"Somos tu asesor\u00eda fiscal en Matar\u00f3. Ofrecemos asesoramiento fiscal integral durante todo el ejercicio, adaptado a tus necesidades.","breadcrumb":{"@id":"https:\/\/bleconomistes.cat\/es\/servicios\/asesoramiento-fiscal\/#breadcrumb"},"inLanguage":"es","potentialAction":[{"@type":"ReadAction","target":["https:\/\/bleconomistes.cat\/es\/servicios\/asesoramiento-fiscal\/"]}]},{"@type":"ImageObject","inLanguage":"es","@id":"https:\/\/bleconomistes.cat\/es\/servicios\/asesoramiento-fiscal\/#primaryimage","url":"https:\/\/bleconomistes.cat\/wp-content\/uploads\/2025\/11\/Asesoria-fiscal-en-Mataro-BL-Economisteas.jpg","contentUrl":"https:\/\/bleconomistes.cat\/wp-content\/uploads\/2025\/11\/Asesoria-fiscal-en-Mataro-BL-Economisteas.jpg","width":500,"height":500,"caption":"Asesor\u00eda fiscal"},{"@type":"BreadcrumbList","@id":"https:\/\/bleconomistes.cat\/es\/servicios\/asesoramiento-fiscal\/#breadcrumb","itemListElement":[{"@type":"ListItem","position":1,"name":"Home","item":"https:\/\/bleconomistes.cat\/es\/"},{"@type":"ListItem","position":2,"name":"Servicios","item":"https:\/\/bleconomistes.cat\/es\/servicios\/"},{"@type":"ListItem","position":3,"name":"Asesor\u00eda fiscal"}]},{"@type":"WebSite","@id":"https:\/\/bleconomistes.cat\/#website","url":"https:\/\/bleconomistes.cat\/","name":"Economistes Matar\u00f3 - BL Economistes","description":"T&#039;acompanyem en els teus tr\u00e0mits fiscals i comptables","publisher":{"@id":"https:\/\/bleconomistes.cat\/#organization"},"potentialAction":[{"@type":"SearchAction","target":{"@type":"EntryPoint","urlTemplate":"https:\/\/bleconomistes.cat\/?s={search_term_string}"},"query-input":{"@type":"PropertyValueSpecification","valueRequired":true,"valueName":"search_term_string"}}],"inLanguage":"es"},{"@type":"Organization","@id":"https:\/\/bleconomistes.cat\/#organization","name":"Economistes Matar\u00f3 - BL Economistes","url":"https:\/\/bleconomistes.cat\/","logo":{"@type":"ImageObject","inLanguage":"es","@id":"https:\/\/bleconomistes.cat\/#\/schema\/logo\/image\/","url":"https:\/\/bleconomistes.cat\/wp-content\/uploads\/2025\/11\/logo.png","contentUrl":"https:\/\/bleconomistes.cat\/wp-content\/uploads\/2025\/11\/logo.png","width":830,"height":284,"caption":"Economistes Matar\u00f3 - BL Economistes"},"image":{"@id":"https:\/\/bleconomistes.cat\/#\/schema\/logo\/image\/"}}]}},"_links":{"self":[{"href":"https:\/\/bleconomistes.cat\/es\/wp-json\/wp\/v2\/pages\/5682","targetHints":{"allow":["GET"]}}],"collection":[{"href":"https:\/\/bleconomistes.cat\/es\/wp-json\/wp\/v2\/pages"}],"about":[{"href":"https:\/\/bleconomistes.cat\/es\/wp-json\/wp\/v2\/types\/page"}],"author":[{"embeddable":true,"href":"https:\/\/bleconomistes.cat\/es\/wp-json\/wp\/v2\/users\/1"}],"replies":[{"embeddable":true,"href":"https:\/\/bleconomistes.cat\/es\/wp-json\/wp\/v2\/comments?post=5682"}],"version-history":[{"count":5,"href":"https:\/\/bleconomistes.cat\/es\/wp-json\/wp\/v2\/pages\/5682\/revisions"}],"predecessor-version":[{"id":5798,"href":"https:\/\/bleconomistes.cat\/es\/wp-json\/wp\/v2\/pages\/5682\/revisions\/5798"}],"up":[{"embeddable":true,"href":"https:\/\/bleconomistes.cat\/es\/wp-json\/wp\/v2\/pages\/5666"}],"wp:featuredmedia":[{"embeddable":true,"href":"https:\/\/bleconomistes.cat\/es\/wp-json\/wp\/v2\/media\/5794"}],"wp:attachment":[{"href":"https:\/\/bleconomistes.cat\/es\/wp-json\/wp\/v2\/media?parent=5682"}],"curies":[{"name":"wp","href":"https:\/\/api.w.org\/{rel}","templated":true}]}}