{"id":5711,"date":"2023-06-07T09:56:34","date_gmt":"2023-06-07T09:56:34","guid":{"rendered":"https:\/\/bleconomistes.cat\/politica-de-privacitat\/"},"modified":"2025-11-19T09:24:36","modified_gmt":"2025-11-19T09:24:36","slug":"politica-de-privacidad","status":"publish","type":"page","link":"https:\/\/bleconomistes.cat\/es\/politica-de-privacidad\/","title":{"rendered":"Pol\u00edtica de Privacidad"},"content":{"rendered":"<div class=\"wpb-content-wrapper\">[vc_section full_width=\u00bbstretch_row\u00bb video_bg_zoom=\u00bbfalse\u00bb video_bg_center=\u00bbtrue\u00bb video_bg=\u00bbself_hosted\u00bb wpex_bg_overlay=\u00bbcolor\u00bb wpex_bg_overlay_color=\u00bbpalette-4633&#8243; video_bg_mp4=\u00bbhttps:\/\/bleconomistes.cat\/wp-content\/uploads\/2025\/11\/IMG_3437.mov\u00bb css=\u00bb.vc_custom_1763034913197{padding-top: 150px !important;padding-bottom: 150px !important;}\u00bb wpex_bg_overlay_opacity=\u00bb0.7&#8243;][vc_row remove_bottom_col_margin=\u00bbtrue\u00bb][vc_column]<style>.vcex-heading.vcex_6a09cb51d70f6{color:var(--wpex-palette-4632-color);font-size:36px;}<\/style><h1 class=\"vcex-heading vcex-heading-plain vcex-module wpex-heading wpex-text-2xl wpex-text-center vcex_6a09cb51d70f6\"><span class=\"vcex-heading-inner wpex-inline-block\">Pol\u00edtica de privacidad<\/span><\/h1>[\/vc_column][\/vc_row][\/vc_section][vc_row remove_bottom_col_margin=\u00bbtrue\u00bb css=\u00bb.vc_custom_1760950243427{padding-top: 50px !important;padding-bottom: 80px !important;}\u00bb][vc_column][vc_column_text css=\u00bb\u00bb]\n<h2>POL\u00cdTICA DE PRIVACIDAD Y PROTECCI\u00d3N DE DATOS<\/h2>\n<p>En cumplimiento del Reglamento (UE) 2016\/679 del Parlamento Europeo y del Consejo, de 27 de abril de 2016, relativo a la protecci\u00f3n de las personas f\u00edsicas en lo que respeta al tratamiento de datos personales, miedo el que se deroga la directiva 95\/46\/CE (en adelante, RGPD), de la Ley 34\/2002, de 11 de julio, de servicios de la sociedad de la informaci\u00f3n y comercio electr\u00f3nico (en adelante, LSSI-CE) y de la Ley Org\u00e1nica 3\/2018, de Protecci\u00f3n de Datos Personales y garant\u00eda de los derechos digitales (en adelante, LOPDGDD), el sitio web garantiza la protecci\u00f3n y confidencialidad de los datos personales, de cualquier tipo que noes proporcionan nuestros clientas, de acuerdo cono lo dispuesto lo Reglamento General de Protecci\u00f3n de Datos de Car\u00e1cter Personal.<\/p>\n<p>Los datos facilitados ser\u00e1n tratados en los t\u00e9rminos establecidos en el RGPD, en ese sentido lo sitio web ha adoptado los niveles de protecci\u00f3n que legalmente se exigen, y ha instalado todas las medidas t\u00e9cnicas a su alcance para evitar la p\u00e9rdida, mal uso, alteraci\u00f3n, acceso no autorizado miedo terceros, expuestos a continuaci\u00f3n. No obstante, el usuario debe ser consciente de que las medidas de seguridad en Internet no su inexpugnables.<\/p>\n<p><strong>Responsable del tratamiento<\/strong><br \/>\nN\u00famero del titular: BL ECONOMISTAS, SLP<br \/>\nDomicilio social: C\/ Barcelona, 12-14 2.\u00ba 2.\u00aa 08301, Matar\u00f3 (BCN)<br \/>\nC.I.F.: B66180399<br \/>\nTel\u00e9fono de contacto: 937551455<br \/>\nCorreo electr\u00f3nico: info@bleconomistes.com<br \/>\nInscrita en lo Registro (Mercantil \/ P\u00fablico): Riego. mercantil de Barcelona Tomo 44074, folio 111, hoja 446485.<\/p>\n<p><strong>Finalidad del tratamiento<\/strong><br \/>\nTodos los datos facilitados miedo nuestros clientas y\/o visitantes en la web del sitio web o a su personal, ser\u00e1n incluidos registro de actividades de tratamiento de datos de car\u00e1cter personal, creado y mantenido bajo la responsabilidad del sitio web, imprescindibles para prestar los servicios solicitados miedo los usuarios, o para resolver las dudas o cuestiones planteadas miedo nuestros visitantes. Nuestra pol\u00edtica se no elaborar perfilas sobre los usuarios de nuestros servicios.<\/p>\n<p><strong>Legitimidad del tratamiento<\/strong><\/p>\n<ol type=\"a\">\n<li>Relaci\u00f3n contractual: Se la que aplica cuando compra uno de nuestros productos o contrata alguno de nuestros servicios.<\/li>\n<li>Inter\u00e9s leg\u00edtimo: Para atender a las consultas y reclamaciones que noes plantee y para gestionar lo cobro de las cantidades adeudadas.<\/li>\n<li>Su consentimiento: Si se usuario de nuestra web, mediante la marcaci\u00f3n de la casilla que figura en el formulario de contacto, noes autoriza a que le remitamos las comunicaciones necesarias para dar respuesta a la consulta o solicitud de informaci\u00f3n planteada.<\/li>\n<\/ol>\n<p><strong>Destinatarios<\/strong><br \/>\nNo cedemos sus datos personales a nadie, a excepci\u00f3n de aquellas entidades p\u00fablicas o privadas a las cuales estemos obligados a facilitar sus datos personales cono motivo del cumplimiento de alguna ley. Miedo poner un ejemplo, la Ley Tributar\u00eda obliga a facilitar a la Agencia Tributar\u00eda determinada informaci\u00f3n sobre operaciones econ\u00f3micas que superan una determinada cantidad.<\/p>\n<p>lo caso de que, al margen de los supuestos comentados, necesitemos dar a conocer su informaci\u00f3n personal a otras entidades, le solicitaremos previamente su permiso a trav\u00e9s de opciones claras que le permitir\u00e1n decidir a este respeto.<\/p>\n<p><strong>Comunicaci\u00f3n<\/strong><br \/>\nNo realizaremos transferencias internacionales de sus datos personales para ninguna de las finalidades indicadas.<br \/>\n(<strong>NOTA INTERNA<\/strong>: ESTE P\u00c1RRAFO SE TIENE QUE CAMBIAR MIEDO EL RESPONSABLE SI REALMENTE SE PRODUCEN TRANSFERENCIAS INTERNACIONALES. T\u00c9 RECOMENDAMOS SOLICITAR ASESORAMIENTO SI NO SAVIAS C\u00d3MO REFLEJARLO CORRECTAMENTE PARA CUMPLIR CONO LA NORMATIVA)<\/p>\n<p><strong>Conservaci\u00f3n<\/strong><br \/>\nSolo conservaremos sus datos personales durante lo tiempo que resulto necesario para lograr los finas para los que fueron recabados. En la hora de determinar el oportuno periodo de conservaci\u00f3n, examinamos los riesgos que conlleva lo tratamiento, as\u00ed como nuestras obligaciones contractuales, legales y normativas, las pol\u00edticas internas de conservaci\u00f3n de datos y nuestros intereses de negocio leg\u00edtimos descritos lo presento Aviso de Privacidad y Pol\u00edtica de Cookies.<\/p>\n<p>En este sentido, el sitio web conservar\u00e1 los datos personales una vez terminada su relaci\u00f3n cono Ud., debidamente bloqueados, durante lo plazo de prescripci\u00f3n de las accionas que pudieran derivarse de la relaci\u00f3n mantenida cono lo interesado.<\/p>\n<p>Una vez bloqueados, sus datos resultar\u00e1n inaccesibles para el sitio web, y no ser\u00e1n tratados excepto para su puesta a disposici\u00f3n a las Administraciones p\u00fablicas, Jueces y Tribunales, para la atenci\u00f3n de las posibles responsabilidades nacidas de los tratamientos, as\u00ed como para el ejercicio y defensa de reclamaciones ante la Agencia Espa\u00f1ola de Protecci\u00f3n de Datos.<\/p>\n<p><strong>Seguridad<\/strong><br \/>\nEmpleamos todos los esfuerzos razonables para mantener la confidencialidad de la informaci\u00f3n personal que se trate en nuestros sistemas. Mantenemos estrictos niveles de seguridad para proteger los datos de car\u00e1cter personal que procesamos frente a p\u00e9rdidas fortuitas y a accesos, tratamientos o revelaciones no autorizados, habida cuenta del estado de la tecnolog\u00eda, la naturaleza y los riesgos a que est\u00e1n expuestos los datos. No obstante, no podemos responsabilizarnos del uso que Ud. haga de los datos (incluido usuario y contrase\u00f1a) que utilice en nuestra web. Nuestro personal sigue estrictas normas de privacidad y lo caso de que contratemos a terceros para prestar servicios de soporte, las exigimos que acatan las mismas normas y noes permitan auditarles para verificar su cumplimiento.<\/p>\n<p><strong>Sus derechos<\/strong><br \/>\nLe informamos que podr\u00e1 ejercer los siguientes derechos:<\/p>\n<ol type=\"a\">\n<li>Derecho de acceso a sus datos personales, para saber cu\u00e1les est\u00e1n siendo objeto de tratamiento y las operaciones de tratamiento llevadas a cabo cono ellos;<\/li>\n<li>Derecho de rectificaci\u00f3n de cualquier dato personal inexacto;<\/li>\n<li>Derecho de supresi\u00f3n de sus datos personales, cuando esto sea posible (miedo ejemplo, miedo imperativo legal);<\/li>\n<li>Derecho de limitaci\u00f3n del tratamiento de sus datos personales cuando la exactitud, la legalidad o la necesidad del tratamiento de los datos resulto dudosa, en cuyo caso, podremos conservarlos para el ejercicio o la defensa de reclamaciones.<\/li>\n<li>Derecho de oposici\u00f3n al tratamiento de sus datos personales, cuando la base legal que noes habilito para su tratamiento de las indicadas sea nuestro inter\u00e9s leg\u00edtimo. El sitio web dejar\u00e1 de tratar tose datos salvo que tenga un inter\u00e9s leg\u00edtimo o sea necesario para la defensa de reclamaciones.<\/li>\n<li>Derecho a la portabilidad de sus datos, cuando la base legal que noes habilito para su tratamiento sea la existencia de una relaci\u00f3n contractual o su consentimiento.<\/li>\n<li>Derecho a revocar el consentimiento otorgado al sitio web<\/li>\n<\/ol>\n<p>Para ejercitar sus derechos, puede hacerlo de manera gratuita y en cualquier momento contactando cono nosotros en la direcci\u00f3n C\/ Camino real, 552-554 \u2013 Matar\u00f3, adjuntando copia de su DNI.<\/p>\n<p><strong>Tutela de derechos<\/strong><br \/>\ncaso de que entienda que sus derechos han sido desatendidos miedo nuestra entidad, puede formular una reclamaci\u00f3n la Agencia Espa\u00f1ola de Protecci\u00f3n de Datos, a trav\u00e9s de alguno de los medios siguientes:<\/p>\n<ul>\n<li>Sede electr\u00f3nica:\u00a0<a href=\"https:\/\/www.aepd.es\/\">https:\/\/www.aepd.es<\/a><\/li>\n<li>Correo postal: Agencia Espa\u00f1ola de Protecci\u00f3n de Datos, C\/ Jorge Juan, 6, 28001, Madrid<\/li>\n<li>Tel\u00e9fono: 901.100.099 y 912.663.517<\/li>\n<\/ul>\n<p>Formular una reclamaci\u00f3n la Agencia Espa\u00f1ola de Protecci\u00f3n de Datos no conlleva ning\u00fan cuesto y no se necesaria la asistencia de abogado ni procurador.<\/p>\n<p><strong>Actualizaciones<\/strong><br \/>\nlo sitio web se reserva el derecho a modificar la presento pol\u00edtica para adaptarla a novedades legistlativas o jurisprudenciales que puedan afectar el cumplimiento de la misma.[\/vc_column_text][\/vc_column][\/vc_row]\n<\/div>","protected":false},"excerpt":{"rendered":"<p>[vc_section full_width=\u00bbstretch_row\u00bb video_bg_zoom=\u00bbfalse\u00bb video_bg_center=\u00bbtrue\u00bb video_bg=\u00bbself_hosted\u00bb wpex_bg_overlay=\u00bbcolor\u00bb wpex_bg_overlay_color=\u00bbpalette-4633&#8243; video_bg_mp4=\u00bbhttps:\/\/bleconomistes.cat\/wp-content\/uploads\/2025\/11\/IMG_3437.mov\u00bb css=\u00bb.vc_custom_1763034913197{padding-top: 150px !important;padding-bottom: 150px !important;}\u00bb wpex_bg_overlay_opacity=\u00bb0.7&#8243;][vc_row remove_bottom_col_margin=\u00bbtrue\u00bb][vc_column][\/vc_column][\/vc_row][\/vc_section][vc_row remove_bottom_col_margin=\u00bbtrue\u00bb css=\u00bb.vc_custom_1760950243427{padding-top: 50px !important;padding-bottom: 80px !important;}\u00bb][vc_column][vc_column_text css=\u00bb\u00bb] POL\u00cdTICA DE PRIVACIDAD Y PROTECCI\u00d3N DE DATOS En cumplimiento del Reglamento (UE) 2016\/679 del Parlamento Europeo y del Consejo, de 27 de abril de 2016, relativo a la protecci\u00f3n de las personas f\u00edsicas&hellip;<\/p>\n","protected":false},"author":1,"featured_media":0,"parent":0,"menu_order":0,"comment_status":"closed","ping_status":"closed","template":"","meta":{"footnotes":""},"class_list":["post-5711","page","type-page","status-publish","hentry","entry","no-media"],"yoast_head":"<!-- This site is optimized with the Yoast SEO plugin v26.4 - https:\/\/yoast.com\/wordpress\/plugins\/seo\/ -->\n<title>Pol\u00edtica de Privacidad - Economistes Matar\u00f3 - BL Economistes<\/title>\n<meta name=\"robots\" content=\"index, follow, max-snippet:-1, max-image-preview:large, max-video-preview:-1\" \/>\n<link rel=\"canonical\" href=\"https:\/\/bleconomistes.cat\/es\/politica-de-privacidad\/\" \/>\n<meta property=\"og:locale\" content=\"es_ES\" \/>\n<meta property=\"og:type\" content=\"article\" \/>\n<meta property=\"og:title\" content=\"Pol\u00edtica de Privacidad - Economistes Matar\u00f3 - BL Economistes\" \/>\n<meta property=\"og:description\" content=\"[vc_section full_width=\u00bbstretch_row\u00bb video_bg_zoom=\u00bbfalse\u00bb video_bg_center=\u00bbtrue\u00bb video_bg=\u00bbself_hosted\u00bb wpex_bg_overlay=\u00bbcolor\u00bb wpex_bg_overlay_color=\u00bbpalette-4633&#8243; video_bg_mp4=\u00bbhttps:\/\/bleconomistes.cat\/wp-content\/uploads\/2025\/11\/IMG_3437.mov\u00bb css=\u00bb.vc_custom_1763034913197{padding-top: 150px !important;padding-bottom: 150px !important;}\u00bb wpex_bg_overlay_opacity=\u00bb0.7&#8243;][vc_row remove_bottom_col_margin=\u00bbtrue\u00bb][vc_column][\/vc_column][\/vc_row][\/vc_section][vc_row remove_bottom_col_margin=\u00bbtrue\u00bb css=\u00bb.vc_custom_1760950243427{padding-top: 50px !important;padding-bottom: 80px !important;}\u00bb][vc_column][vc_column_text css=\u00bb\u00bb] POL\u00cdTICA DE PRIVACIDAD Y PROTECCI\u00d3N DE DATOS En cumplimiento del Reglamento (UE) 2016\/679 del Parlamento Europeo y del Consejo, de 27 de abril de 2016, relativo a la protecci\u00f3n de las personas f\u00edsicas&hellip;\" \/>\n<meta property=\"og:url\" content=\"https:\/\/bleconomistes.cat\/es\/politica-de-privacidad\/\" \/>\n<meta property=\"og:site_name\" content=\"Economistes Matar\u00f3 - BL Economistes\" \/>\n<meta property=\"article:modified_time\" content=\"2025-11-19T09:24:36+00:00\" \/>\n<meta name=\"twitter:card\" content=\"summary_large_image\" \/>\n<meta name=\"twitter:label1\" content=\"Tiempo de lectura\" \/>\n\t<meta name=\"twitter:data1\" content=\"7 minutos\" \/>\n<script type=\"application\/ld+json\" class=\"yoast-schema-graph\">{\"@context\":\"https:\/\/schema.org\",\"@graph\":[{\"@type\":\"WebPage\",\"@id\":\"https:\/\/bleconomistes.cat\/es\/politica-de-privacidad\/\",\"url\":\"https:\/\/bleconomistes.cat\/es\/politica-de-privacidad\/\",\"name\":\"Pol\u00edtica de Privacidad - Economistes Matar\u00f3 - BL Economistes\",\"isPartOf\":{\"@id\":\"https:\/\/bleconomistes.cat\/#website\"},\"datePublished\":\"2023-06-07T09:56:34+00:00\",\"dateModified\":\"2025-11-19T09:24:36+00:00\",\"breadcrumb\":{\"@id\":\"https:\/\/bleconomistes.cat\/es\/politica-de-privacidad\/#breadcrumb\"},\"inLanguage\":\"es\",\"potentialAction\":[{\"@type\":\"ReadAction\",\"target\":[\"https:\/\/bleconomistes.cat\/es\/politica-de-privacidad\/\"]}]},{\"@type\":\"BreadcrumbList\",\"@id\":\"https:\/\/bleconomistes.cat\/es\/politica-de-privacidad\/#breadcrumb\",\"itemListElement\":[{\"@type\":\"ListItem\",\"position\":1,\"name\":\"Home\",\"item\":\"https:\/\/bleconomistes.cat\/es\/\"},{\"@type\":\"ListItem\",\"position\":2,\"name\":\"Pol\u00edtica de Privacidad\"}]},{\"@type\":\"WebSite\",\"@id\":\"https:\/\/bleconomistes.cat\/#website\",\"url\":\"https:\/\/bleconomistes.cat\/\",\"name\":\"Economistes Matar\u00f3 - BL Economistes\",\"description\":\"T&#039;acompanyem en els teus tr\u00e0mits fiscals i comptables\",\"publisher\":{\"@id\":\"https:\/\/bleconomistes.cat\/#organization\"},\"potentialAction\":[{\"@type\":\"SearchAction\",\"target\":{\"@type\":\"EntryPoint\",\"urlTemplate\":\"https:\/\/bleconomistes.cat\/?s={search_term_string}\"},\"query-input\":{\"@type\":\"PropertyValueSpecification\",\"valueRequired\":true,\"valueName\":\"search_term_string\"}}],\"inLanguage\":\"es\"},{\"@type\":\"Organization\",\"@id\":\"https:\/\/bleconomistes.cat\/#organization\",\"name\":\"Economistes Matar\u00f3 - BL Economistes\",\"url\":\"https:\/\/bleconomistes.cat\/\",\"logo\":{\"@type\":\"ImageObject\",\"inLanguage\":\"es\",\"@id\":\"https:\/\/bleconomistes.cat\/#\/schema\/logo\/image\/\",\"url\":\"https:\/\/bleconomistes.cat\/wp-content\/uploads\/2025\/11\/logo.png\",\"contentUrl\":\"https:\/\/bleconomistes.cat\/wp-content\/uploads\/2025\/11\/logo.png\",\"width\":830,\"height\":284,\"caption\":\"Economistes Matar\u00f3 - BL Economistes\"},\"image\":{\"@id\":\"https:\/\/bleconomistes.cat\/#\/schema\/logo\/image\/\"}}]}<\/script>\n<!-- \/ Yoast SEO plugin. -->","yoast_head_json":{"title":"Pol\u00edtica de Privacidad - Economistes Matar\u00f3 - BL Economistes","robots":{"index":"index","follow":"follow","max-snippet":"max-snippet:-1","max-image-preview":"max-image-preview:large","max-video-preview":"max-video-preview:-1"},"canonical":"https:\/\/bleconomistes.cat\/es\/politica-de-privacidad\/","og_locale":"es_ES","og_type":"article","og_title":"Pol\u00edtica de Privacidad - Economistes Matar\u00f3 - BL Economistes","og_description":"[vc_section full_width=\u00bbstretch_row\u00bb video_bg_zoom=\u00bbfalse\u00bb video_bg_center=\u00bbtrue\u00bb video_bg=\u00bbself_hosted\u00bb wpex_bg_overlay=\u00bbcolor\u00bb wpex_bg_overlay_color=\u00bbpalette-4633&#8243; video_bg_mp4=\u00bbhttps:\/\/bleconomistes.cat\/wp-content\/uploads\/2025\/11\/IMG_3437.mov\u00bb css=\u00bb.vc_custom_1763034913197{padding-top: 150px !important;padding-bottom: 150px !important;}\u00bb wpex_bg_overlay_opacity=\u00bb0.7&#8243;][vc_row remove_bottom_col_margin=\u00bbtrue\u00bb][vc_column][\/vc_column][\/vc_row][\/vc_section][vc_row remove_bottom_col_margin=\u00bbtrue\u00bb css=\u00bb.vc_custom_1760950243427{padding-top: 50px !important;padding-bottom: 80px !important;}\u00bb][vc_column][vc_column_text css=\u00bb\u00bb] POL\u00cdTICA DE PRIVACIDAD Y PROTECCI\u00d3N DE DATOS En cumplimiento del Reglamento (UE) 2016\/679 del Parlamento Europeo y del Consejo, de 27 de abril de 2016, relativo a la protecci\u00f3n de las personas f\u00edsicas&hellip;","og_url":"https:\/\/bleconomistes.cat\/es\/politica-de-privacidad\/","og_site_name":"Economistes Matar\u00f3 - BL Economistes","article_modified_time":"2025-11-19T09:24:36+00:00","twitter_card":"summary_large_image","twitter_misc":{"Tiempo de lectura":"7 minutos"},"schema":{"@context":"https:\/\/schema.org","@graph":[{"@type":"WebPage","@id":"https:\/\/bleconomistes.cat\/es\/politica-de-privacidad\/","url":"https:\/\/bleconomistes.cat\/es\/politica-de-privacidad\/","name":"Pol\u00edtica de Privacidad - Economistes Matar\u00f3 - BL Economistes","isPartOf":{"@id":"https:\/\/bleconomistes.cat\/#website"},"datePublished":"2023-06-07T09:56:34+00:00","dateModified":"2025-11-19T09:24:36+00:00","breadcrumb":{"@id":"https:\/\/bleconomistes.cat\/es\/politica-de-privacidad\/#breadcrumb"},"inLanguage":"es","potentialAction":[{"@type":"ReadAction","target":["https:\/\/bleconomistes.cat\/es\/politica-de-privacidad\/"]}]},{"@type":"BreadcrumbList","@id":"https:\/\/bleconomistes.cat\/es\/politica-de-privacidad\/#breadcrumb","itemListElement":[{"@type":"ListItem","position":1,"name":"Home","item":"https:\/\/bleconomistes.cat\/es\/"},{"@type":"ListItem","position":2,"name":"Pol\u00edtica de Privacidad"}]},{"@type":"WebSite","@id":"https:\/\/bleconomistes.cat\/#website","url":"https:\/\/bleconomistes.cat\/","name":"Economistes Matar\u00f3 - BL Economistes","description":"T&#039;acompanyem en els teus tr\u00e0mits fiscals i comptables","publisher":{"@id":"https:\/\/bleconomistes.cat\/#organization"},"potentialAction":[{"@type":"SearchAction","target":{"@type":"EntryPoint","urlTemplate":"https:\/\/bleconomistes.cat\/?s={search_term_string}"},"query-input":{"@type":"PropertyValueSpecification","valueRequired":true,"valueName":"search_term_string"}}],"inLanguage":"es"},{"@type":"Organization","@id":"https:\/\/bleconomistes.cat\/#organization","name":"Economistes Matar\u00f3 - BL Economistes","url":"https:\/\/bleconomistes.cat\/","logo":{"@type":"ImageObject","inLanguage":"es","@id":"https:\/\/bleconomistes.cat\/#\/schema\/logo\/image\/","url":"https:\/\/bleconomistes.cat\/wp-content\/uploads\/2025\/11\/logo.png","contentUrl":"https:\/\/bleconomistes.cat\/wp-content\/uploads\/2025\/11\/logo.png","width":830,"height":284,"caption":"Economistes Matar\u00f3 - BL Economistes"},"image":{"@id":"https:\/\/bleconomistes.cat\/#\/schema\/logo\/image\/"}}]}},"_links":{"self":[{"href":"https:\/\/bleconomistes.cat\/es\/wp-json\/wp\/v2\/pages\/5711","targetHints":{"allow":["GET"]}}],"collection":[{"href":"https:\/\/bleconomistes.cat\/es\/wp-json\/wp\/v2\/pages"}],"about":[{"href":"https:\/\/bleconomistes.cat\/es\/wp-json\/wp\/v2\/types\/page"}],"author":[{"embeddable":true,"href":"https:\/\/bleconomistes.cat\/es\/wp-json\/wp\/v2\/users\/1"}],"replies":[{"embeddable":true,"href":"https:\/\/bleconomistes.cat\/es\/wp-json\/wp\/v2\/comments?post=5711"}],"version-history":[{"count":2,"href":"https:\/\/bleconomistes.cat\/es\/wp-json\/wp\/v2\/pages\/5711\/revisions"}],"predecessor-version":[{"id":5713,"href":"https:\/\/bleconomistes.cat\/es\/wp-json\/wp\/v2\/pages\/5711\/revisions\/5713"}],"wp:attachment":[{"href":"https:\/\/bleconomistes.cat\/es\/wp-json\/wp\/v2\/media?parent=5711"}],"curies":[{"name":"wp","href":"https:\/\/api.w.org\/{rel}","templated":true}]}}